{"id":227,"date":"2026-02-10T21:34:50","date_gmt":"2026-02-10T21:34:50","guid":{"rendered":"https:\/\/avoctal-recrutement.com\/?page_id=227"},"modified":"2026-02-10T21:35:52","modified_gmt":"2026-02-10T21:35:52","slug":"qui-suis-je","status":"publish","type":"page","link":"https:\/\/avoctal-recrutement.com\/index.php\/qui-suis-je\/","title":{"rendered":"Qui suis-je ?"},"content":{"rendered":"\n<div class=\"wp-block-columns is-layout-flex wp-container-core-columns-is-layout-28f84493 wp-block-columns-is-layout-flex\">\n<div class=\"wp-block-column is-layout-flow wp-block-column-is-layout-flow\" style=\"flex-basis:33.33%\"><div class=\"wp-block-image\">\n<figure class=\"aligncenter size-large is-resized\"><img loading=\"lazy\" decoding=\"async\" width=\"773\" height=\"1024\" src=\"https:\/\/avoctal-recrutement.com\/wp-content\/uploads\/2026\/02\/sgy80dqk7drmt0cw4gg9yn2wt8_result_0-773x1024.png\" alt=\"\" class=\"wp-image-228\" style=\"aspect-ratio:0.7548891786179922;width:222px;height:auto\" srcset=\"https:\/\/avoctal-recrutement.com\/wp-content\/uploads\/2026\/02\/sgy80dqk7drmt0cw4gg9yn2wt8_result_0-773x1024.png 773w, https:\/\/avoctal-recrutement.com\/wp-content\/uploads\/2026\/02\/sgy80dqk7drmt0cw4gg9yn2wt8_result_0-227x300.png 227w, https:\/\/avoctal-recrutement.com\/wp-content\/uploads\/2026\/02\/sgy80dqk7drmt0cw4gg9yn2wt8_result_0-768x1017.png 768w, https:\/\/avoctal-recrutement.com\/wp-content\/uploads\/2026\/02\/sgy80dqk7drmt0cw4gg9yn2wt8_result_0-816x1080.png 816w, https:\/\/avoctal-recrutement.com\/wp-content\/uploads\/2026\/02\/sgy80dqk7drmt0cw4gg9yn2wt8_result_0.png 864w\" sizes=\"(max-width: 773px) 100vw, 773px\" \/><\/figure>\n<\/div><\/div>\n\n\n\n<div class=\"wp-block-column is-layout-flow wp-block-column-is-layout-flow\" style=\"flex-basis:66.66%\">\n<p class=\"has-text-align-center\">Experte dans le recrutement des secteurs juridiques, m\u00e9dical et le personnel administratif, je m&rsquo;attache \u00e0 recruter de v\u00e9ritables collaborateurs pr\u00eats \u00e0 s&rsquo;investir et \u00e0 donner le meilleur d&rsquo;eux-m\u00eames pour votre entreprise.<\/p>\n\n\n\n<p class=\"has-text-align-center\">Tr\u00e8s orient\u00e9e sur le potentiel candidat, j&rsquo;analyse chaque candidature de la mani\u00e8re la plus pr\u00e9cise afin de d\u00e9celer tous les talents cach\u00e9s ou les motivations r\u00e9elles de chaque candidat.<\/p>\n\n\n\n<p class=\"has-text-align-center\">Ma m\u00e9thode est clairement dirig\u00e9e, perfectionn\u00e9e au fil du temps, particuli\u00e8rement centr\u00e9e sur des attitudes, des qualit\u00e9s, des comp\u00e9tences pr\u00e9cis\u00e9ment d\u00e9finies lors de notre premier rendez-vous.<\/p>\n\n\n\n<p class=\"has-text-align-center\">Chaque recrutement doit r\u00e9pondre \u00e0 la qualit\u00e9 que vous attendez. C&rsquo;est pourquoi, je suis particuli\u00e8rement exigeante sur mon travail, mais aussi \u00e0 l&rsquo;\u00e9gard des candidats. J&rsquo;analyse tout, de la personnalit\u00e9 aux petites lignes du CV afin de faire matcher des talents et des postes \u00e0 pourvoir.<\/p>\n\n\n\n<p class=\"has-text-align-center\">Si vous me confiez votre recrutement, je vous accompagnerai d&rsquo;un bout \u00e0 l&rsquo;autre avec des conseils avis\u00e9s \u00e0 chaque \u00e9tape et je vous tiendrai inform\u00e9 de chaque \u00e9tape franchie en vous faisant des comptes-rendus r\u00e9guliers. <\/p>\n\n\n\n<p class=\"has-text-align-center\">Recrutons ensemble, recrutons le talent qu&rsquo;il vous faut !<\/p>\n\n\n<div class=\"wp-block-image\">\n<figure class=\"aligncenter size-full is-resized\"><img loading=\"lazy\" decoding=\"async\" width=\"500\" height=\"243\" src=\"https:\/\/avoctal-recrutement.com\/wp-content\/uploads\/2026\/02\/Black-and-White-Initials-elegant-cursive-logo-2.png\" alt=\"\" class=\"wp-image-230\" style=\"width:247px;height:auto\" srcset=\"https:\/\/avoctal-recrutement.com\/wp-content\/uploads\/2026\/02\/Black-and-White-Initials-elegant-cursive-logo-2.png 500w, https:\/\/avoctal-recrutement.com\/wp-content\/uploads\/2026\/02\/Black-and-White-Initials-elegant-cursive-logo-2-300x146.png 300w\" sizes=\"(max-width: 500px) 100vw, 500px\" \/><\/figure>\n<\/div><\/div>\n<\/div>\n","protected":false},"excerpt":{"rendered":"<p>Experte dans le recrutement des secteurs juridiques, m\u00e9dical et le personnel administratif, je m&rsquo;attache \u00e0 recruter de v\u00e9ritables collaborateurs pr\u00eats \u00e0 s&rsquo;investir et \u00e0 donner le meilleur d&rsquo;eux-m\u00eames pour votre entreprise. Tr\u00e8s orient\u00e9e sur le potentiel candidat, j&rsquo;analyse chaque candidature de la mani\u00e8re la plus pr\u00e9cise afin de d\u00e9celer tous les talents cach\u00e9s ou les [&hellip;]<\/p>\n","protected":false},"author":1,"featured_media":0,"parent":0,"menu_order":0,"comment_status":"closed","ping_status":"closed","template":"","meta":{"saved_in_kubio":true,"footnotes":""},"class_list":["post-227","page","type-page","status-publish","hentry"],"kubio_ai_page_context":{"short_desc":"","purpose":"general"},"_links":{"self":[{"href":"https:\/\/avoctal-recrutement.com\/index.php\/wp-json\/wp\/v2\/pages\/227","targetHints":{"allow":["GET"]}}],"collection":[{"href":"https:\/\/avoctal-recrutement.com\/index.php\/wp-json\/wp\/v2\/pages"}],"about":[{"href":"https:\/\/avoctal-recrutement.com\/index.php\/wp-json\/wp\/v2\/types\/page"}],"author":[{"embeddable":true,"href":"https:\/\/avoctal-recrutement.com\/index.php\/wp-json\/wp\/v2\/users\/1"}],"replies":[{"embeddable":true,"href":"https:\/\/avoctal-recrutement.com\/index.php\/wp-json\/wp\/v2\/comments?post=227"}],"version-history":[{"count":2,"href":"https:\/\/avoctal-recrutement.com\/index.php\/wp-json\/wp\/v2\/pages\/227\/revisions"}],"predecessor-version":[{"id":233,"href":"https:\/\/avoctal-recrutement.com\/index.php\/wp-json\/wp\/v2\/pages\/227\/revisions\/233"}],"wp:attachment":[{"href":"https:\/\/avoctal-recrutement.com\/index.php\/wp-json\/wp\/v2\/media?parent=227"}],"curies":[{"name":"wp","href":"https:\/\/api.w.org\/{rel}","templated":true}]}}